{"id":8596,"date":"2023-03-20T11:51:50","date_gmt":"2023-03-20T11:51:50","guid":{"rendered":"https:\/\/lavictoirefish.com\/?post_type=product&#038;p=8596"},"modified":"2023-06-12T11:15:22","modified_gmt":"2023-06-12T11:15:22","slug":"scomber","status":"publish","type":"product","link":"https:\/\/lavictoirefish.com\/fr\/product\/scomber\/","title":{"rendered":"SCOMBER (Mackerel)"},"content":{"rendered":"<p class=\"font_8\">Nom scientifique : Scomber scombrus<\/p>\n<p class=\"font_8\">Es: Cabailla<\/p>\n<p class=\"font_8\">En: Mackerel<\/p>\n<p class=\"font_8\">Fr : Maquereau<\/p>\n<p class=\"font_8\"><span class=\"wixGuard\">\u200b<\/span><\/p>\n<p class=\"font_8\">Calibre \/ size\u00a0\u00a0: Whole \/ entero \/ entier<\/p>\n<p>KG : 1 \u00e0 3 pieces\u00a0 \u00a0 \u00a0 \u00a0\u00a08 \u00e0 12 pieces<\/p>\n<p class=\"font_8\">\u00a0 \u00a0 \u00a0 \u00a0 \u00a04 \u00e0 6 pieces\u00a0 \u00a0 \u00a0 12 \u00e0 16 pieces<\/p>\n<p class=\"font_8\">\u00a0 \u00a0 \u00a0 \u00a0 \u00a06 \u00e0 8\u00a0pieces<\/p>\n","protected":false},"excerpt":{"rendered":"<p><a class=\"btn btn-style-round btn-style-rectangle btn-size-default btn-color-primary btn-icon-pos-right\" href=\"\/contactez-nous\/\"><span class=\"wd-btn-text\" data-elementor-setting-key=\"text\">Contactez-nous<\/span><\/a><\/p>\n","protected":false},"featured_media":8900,"template":"","meta":[],"product_cat":[29],"product_tag":[],"yoast_head":"<!-- This site is optimized with the Yoast SEO plugin v21.7 - https:\/\/yoast.com\/wordpress\/plugins\/seo\/ -->\n<title>SCOMBER (Mackerel) - Export &amp; Import Poisson Agadir | La victoire fish | Maroc<\/title>\n<meta name=\"robots\" content=\"index, follow, max-snippet:-1, max-image-preview:large, max-video-preview:-1\" \/>\n<link rel=\"canonical\" href=\"https:\/\/lavictoirefish.com\/fr\/product\/scomber\/\" \/>\n<meta property=\"og:locale\" content=\"fr_FR\" \/>\n<meta property=\"og:type\" content=\"article\" \/>\n<meta property=\"og:title\" content=\"SCOMBER (Mackerel) - Export &amp; Import Poisson Agadir | La victoire fish | Maroc\" \/>\n<meta property=\"og:description\" content=\"Contactez-nous\" \/>\n<meta property=\"og:url\" content=\"https:\/\/lavictoirefish.com\/fr\/product\/scomber\/\" \/>\n<meta property=\"og:site_name\" content=\"Export &amp; Import Poisson Agadir | La victoire fish | Maroc\" \/>\n<meta property=\"article:modified_time\" content=\"2023-06-12T11:15:22+00:00\" \/>\n<meta property=\"og:image\" content=\"https:\/\/lavictoirefish.com\/wp-content\/uploads\/2023\/03\/image00002-9-scaled.webp\" \/>\n\t<meta property=\"og:image:width\" content=\"1920\" \/>\n\t<meta property=\"og:image:height\" content=\"2560\" \/>\n\t<meta property=\"og:image:type\" content=\"image\/webp\" \/>\n<meta name=\"twitter:card\" content=\"summary_large_image\" \/>\n<script type=\"application\/ld+json\" class=\"yoast-schema-graph\">{\"@context\":\"https:\/\/schema.org\",\"@graph\":[{\"@type\":\"WebPage\",\"@id\":\"https:\/\/lavictoirefish.com\/fr\/product\/scomber\/\",\"url\":\"https:\/\/lavictoirefish.com\/fr\/product\/scomber\/\",\"name\":\"SCOMBER (Mackerel) - Export &amp; Import Poisson Agadir | La victoire fish | Maroc\",\"isPartOf\":{\"@id\":\"https:\/\/lavictoirefish.com\/#website\"},\"datePublished\":\"2023-03-20T11:51:50+00:00\",\"dateModified\":\"2023-06-12T11:15:22+00:00\",\"breadcrumb\":{\"@id\":\"https:\/\/lavictoirefish.com\/fr\/product\/scomber\/#breadcrumb\"},\"inLanguage\":\"fr-FR\",\"potentialAction\":[{\"@type\":\"ReadAction\",\"target\":[\"https:\/\/lavictoirefish.com\/fr\/product\/scomber\/\"]}]},{\"@type\":\"BreadcrumbList\",\"@id\":\"https:\/\/lavictoirefish.com\/fr\/product\/scomber\/#breadcrumb\",\"itemListElement\":[{\"@type\":\"ListItem\",\"position\":1,\"name\":\"Home\",\"item\":\"https:\/\/lavictoirefish.com\/fr\/\"},{\"@type\":\"ListItem\",\"position\":2,\"name\":\"Shop\",\"item\":\"https:\/\/lavictoirefish.com\/fr\/shop\/\"},{\"@type\":\"ListItem\",\"position\":3,\"name\":\"SCOMBER (Mackerel)\"}]},{\"@type\":\"WebSite\",\"@id\":\"https:\/\/lavictoirefish.com\/#website\",\"url\":\"https:\/\/lavictoirefish.com\/\",\"name\":\"Export & Import Poisson Agadir | La victoire fish | Maroc\",\"description\":\"La VICTOIRE FISH est une soci\u00e9t\u00e9 Marocaine d&#039;Export &amp; Import des Poissons, situ\u00e9 a la zone industriel tassila d\u2019Agadir. Nous sommes sp\u00e9cialis\u00e9s dans la production et l&#039;exportation de produits de la mer congel\u00e9s p\u00e9ch\u00e9s au large de l\u2019oc\u00e9an atlantique du Maroc.\",\"publisher\":{\"@id\":\"https:\/\/lavictoirefish.com\/#organization\"},\"potentialAction\":[{\"@type\":\"SearchAction\",\"target\":{\"@type\":\"EntryPoint\",\"urlTemplate\":\"https:\/\/lavictoirefish.com\/?s={search_term_string}\"},\"query-input\":\"required name=search_term_string\"}],\"inLanguage\":\"fr-FR\"},{\"@type\":\"Organization\",\"@id\":\"https:\/\/lavictoirefish.com\/#organization\",\"name\":\"La Victoire Fish\",\"url\":\"https:\/\/lavictoirefish.com\/\",\"logo\":{\"@type\":\"ImageObject\",\"inLanguage\":\"fr-FR\",\"@id\":\"https:\/\/lavictoirefish.com\/#\/schema\/logo\/image\/\",\"url\":\"https:\/\/lavictoirefish.com\/wp-content\/uploads\/2024\/01\/Logo-victfish-squared.png\",\"contentUrl\":\"https:\/\/lavictoirefish.com\/wp-content\/uploads\/2024\/01\/Logo-victfish-squared.png\",\"width\":112,\"height\":112,\"caption\":\"La Victoire Fish\"},\"image\":{\"@id\":\"https:\/\/lavictoirefish.com\/#\/schema\/logo\/image\/\"},\"sameAs\":[\"https:\/\/ma.linkedin.com\/company\/la-victoire-fish\"]}]}<\/script>\n<!-- \/ Yoast SEO plugin. -->","yoast_head_json":{"title":"SCOMBER (Mackerel) - Export &amp; Import Poisson Agadir | La victoire fish | Maroc","robots":{"index":"index","follow":"follow","max-snippet":"max-snippet:-1","max-image-preview":"max-image-preview:large","max-video-preview":"max-video-preview:-1"},"canonical":"https:\/\/lavictoirefish.com\/fr\/product\/scomber\/","og_locale":"fr_FR","og_type":"article","og_title":"SCOMBER (Mackerel) - Export &amp; Import Poisson Agadir | La victoire fish | Maroc","og_description":"Contactez-nous","og_url":"https:\/\/lavictoirefish.com\/fr\/product\/scomber\/","og_site_name":"Export &amp; Import Poisson Agadir | La victoire fish | Maroc","article_modified_time":"2023-06-12T11:15:22+00:00","og_image":[{"width":1920,"height":2560,"url":"https:\/\/lavictoirefish.com\/wp-content\/uploads\/2023\/03\/image00002-9-scaled.webp","type":"image\/webp"}],"twitter_card":"summary_large_image","schema":{"@context":"https:\/\/schema.org","@graph":[{"@type":"WebPage","@id":"https:\/\/lavictoirefish.com\/fr\/product\/scomber\/","url":"https:\/\/lavictoirefish.com\/fr\/product\/scomber\/","name":"SCOMBER (Mackerel) - Export &amp; Import Poisson Agadir | La victoire fish | Maroc","isPartOf":{"@id":"https:\/\/lavictoirefish.com\/#website"},"datePublished":"2023-03-20T11:51:50+00:00","dateModified":"2023-06-12T11:15:22+00:00","breadcrumb":{"@id":"https:\/\/lavictoirefish.com\/fr\/product\/scomber\/#breadcrumb"},"inLanguage":"fr-FR","potentialAction":[{"@type":"ReadAction","target":["https:\/\/lavictoirefish.com\/fr\/product\/scomber\/"]}]},{"@type":"BreadcrumbList","@id":"https:\/\/lavictoirefish.com\/fr\/product\/scomber\/#breadcrumb","itemListElement":[{"@type":"ListItem","position":1,"name":"Home","item":"https:\/\/lavictoirefish.com\/fr\/"},{"@type":"ListItem","position":2,"name":"Shop","item":"https:\/\/lavictoirefish.com\/fr\/shop\/"},{"@type":"ListItem","position":3,"name":"SCOMBER (Mackerel)"}]},{"@type":"WebSite","@id":"https:\/\/lavictoirefish.com\/#website","url":"https:\/\/lavictoirefish.com\/","name":"Export & Import Poisson Agadir | La victoire fish | Maroc","description":"La VICTOIRE FISH est une soci\u00e9t\u00e9 Marocaine d&#039;Export &amp; Import des Poissons, situ\u00e9 a la zone industriel tassila d\u2019Agadir. Nous sommes sp\u00e9cialis\u00e9s dans la production et l&#039;exportation de produits de la mer congel\u00e9s p\u00e9ch\u00e9s au large de l\u2019oc\u00e9an atlantique du Maroc.","publisher":{"@id":"https:\/\/lavictoirefish.com\/#organization"},"potentialAction":[{"@type":"SearchAction","target":{"@type":"EntryPoint","urlTemplate":"https:\/\/lavictoirefish.com\/?s={search_term_string}"},"query-input":"required name=search_term_string"}],"inLanguage":"fr-FR"},{"@type":"Organization","@id":"https:\/\/lavictoirefish.com\/#organization","name":"La Victoire Fish","url":"https:\/\/lavictoirefish.com\/","logo":{"@type":"ImageObject","inLanguage":"fr-FR","@id":"https:\/\/lavictoirefish.com\/#\/schema\/logo\/image\/","url":"https:\/\/lavictoirefish.com\/wp-content\/uploads\/2024\/01\/Logo-victfish-squared.png","contentUrl":"https:\/\/lavictoirefish.com\/wp-content\/uploads\/2024\/01\/Logo-victfish-squared.png","width":112,"height":112,"caption":"La Victoire Fish"},"image":{"@id":"https:\/\/lavictoirefish.com\/#\/schema\/logo\/image\/"},"sameAs":["https:\/\/ma.linkedin.com\/company\/la-victoire-fish"]}]}},"_links":{"self":[{"href":"https:\/\/lavictoirefish.com\/fr\/wp-json\/wp\/v3\/product\/8596"}],"collection":[{"href":"https:\/\/lavictoirefish.com\/fr\/wp-json\/wp\/v3\/product"}],"about":[{"href":"https:\/\/lavictoirefish.com\/fr\/wp-json\/wp\/v2\/types\/product"}],"version-history":[{"count":5,"href":"https:\/\/lavictoirefish.com\/fr\/wp-json\/wp\/v3\/product\/8596\/revisions"}],"predecessor-version":[{"id":9044,"href":"https:\/\/lavictoirefish.com\/fr\/wp-json\/wp\/v3\/product\/8596\/revisions\/9044"}],"wp:featuredmedia":[{"embeddable":true,"href":"https:\/\/lavictoirefish.com\/fr\/wp-json\/wp\/v2\/media\/8900"}],"wp:attachment":[{"href":"https:\/\/lavictoirefish.com\/fr\/wp-json\/wp\/v2\/media?parent=8596"}],"wp:term":[{"taxonomy":"product_cat","embeddable":true,"href":"https:\/\/lavictoirefish.com\/fr\/wp-json\/wp\/v2\/product_cat?post=8596"},{"taxonomy":"product_tag","embeddable":true,"href":"https:\/\/lavictoirefish.com\/fr\/wp-json\/wp\/v2\/product_tag?post=8596"}],"curies":[{"name":"wp","href":"https:\/\/api.w.org\/{rel}","templated":true}]}}