{"id":8590,"date":"2023-03-20T11:42:57","date_gmt":"2023-03-20T11:42:57","guid":{"rendered":"https:\/\/lavictoirefish.com\/?post_type=product&#038;p=8590"},"modified":"2023-05-02T15:48:06","modified_gmt":"2023-05-02T15:48:06","slug":"sardina-pilchardus","status":"publish","type":"product","link":"https:\/\/lavictoirefish.com\/fr\/product\/sardina-pilchardus\/","title":{"rendered":"SARDINA pilchardus"},"content":{"rendered":"<div id=\"comp-jibui0n2\" class=\"tI1Qp6 comp-jibui0n2 wixui-box\">\n<div class=\"\" data-mesh-id=\"comp-jibui0n2inlineContent\" data-testid=\"inline-content\">\n<div data-mesh-id=\"comp-jibui0n2inlineContent-gridContainer\" data-testid=\"mesh-container-content\">\n<div id=\"comp-jy8uke4b\" class=\"BaOVQ8 tz5f0K comp-jy8uke4b wixui-rich-text\" data-testid=\"richTextElement\">\n<p class=\"font_8\">NOM SCIENTIFIQUE :\u00a0SARDINA\u00a0PILCHARDUS<\/p>\n<p class=\"font_8\">EN : SARDINE<\/p>\n<p class=\"font_8\">Fr : SARDINE<\/p>\n<p class=\"font_8\">Es : Sardina<\/p>\n<p>&nbsp;<\/p>\n<\/div>\n<div id=\"comp-jglg4l0q\" class=\"BaOVQ8 tz5f0K comp-jglg4l0q wixui-rich-text\" data-testid=\"richTextElement\">\n<p class=\"font_8\">BLOC\u00a0 \u00a0 \u00a010PPK-16PPK<\/p>\n<p>&nbsp;<\/p>\n<p class=\"font_8\">FILET\u00a0 \u00a0 30G-60G<\/p>\n<p class=\"font_8\">\n<\/div>\n<\/div>\n<\/div>\n<\/div>\n<div id=\"comp-jy8ul2wi\" class=\"BaOVQ8 tz5f0K comp-jy8ul2wi wixui-rich-text\" data-testid=\"richTextElement\">\n<p class=\"font_8\">\u00a0I.Q.F:<\/p>\n<p class=\"font_8\">8PPK-12PPK<\/p>\n<p class=\"font_8\">12PPK-18PPK<\/p>\n<p class=\"font_8\">18PPK-22PPK<\/p>\n<p class=\"font_8\">22PPK-30PPK<\/p>\n<\/div>\n","protected":false},"excerpt":{"rendered":"<p><a class=\"btn btn-style-round btn-style-rectangle btn-size-default btn-color-primary btn-icon-pos-right\" href=\"\/contactez-nous\/\"><span class=\"wd-btn-text\" data-elementor-setting-key=\"text\">Contactez-nous<\/span><\/a><\/p>\n","protected":false},"featured_media":8862,"template":"","meta":[],"product_cat":[29],"product_tag":[],"yoast_head":"<!-- This site is optimized with the Yoast SEO plugin v21.7 - https:\/\/yoast.com\/wordpress\/plugins\/seo\/ -->\n<title>SARDINA pilchardus - Export &amp; Import Poisson Agadir | La victoire fish | Maroc<\/title>\n<meta name=\"robots\" content=\"index, follow, max-snippet:-1, max-image-preview:large, max-video-preview:-1\" \/>\n<link rel=\"canonical\" href=\"https:\/\/lavictoirefish.com\/fr\/product\/sardina-pilchardus\/\" \/>\n<meta property=\"og:locale\" content=\"fr_FR\" \/>\n<meta property=\"og:type\" content=\"article\" \/>\n<meta property=\"og:title\" content=\"SARDINA pilchardus - Export &amp; Import Poisson Agadir | La victoire fish | Maroc\" \/>\n<meta property=\"og:description\" content=\"Contactez-nous\" \/>\n<meta property=\"og:url\" content=\"https:\/\/lavictoirefish.com\/fr\/product\/sardina-pilchardus\/\" \/>\n<meta property=\"og:site_name\" content=\"Export &amp; Import Poisson Agadir | La victoire fish | Maroc\" \/>\n<meta property=\"article:modified_time\" content=\"2023-05-02T15:48:06+00:00\" \/>\n<meta property=\"og:image\" content=\"https:\/\/lavictoirefish.com\/wp-content\/uploads\/2023\/03\/Sardina-pilchardus-2.webp\" \/>\n\t<meta property=\"og:image:width\" content=\"1965\" \/>\n\t<meta property=\"og:image:height\" content=\"2016\" \/>\n\t<meta property=\"og:image:type\" content=\"image\/webp\" \/>\n<meta name=\"twitter:card\" content=\"summary_large_image\" \/>\n<script type=\"application\/ld+json\" class=\"yoast-schema-graph\">{\"@context\":\"https:\/\/schema.org\",\"@graph\":[{\"@type\":\"WebPage\",\"@id\":\"https:\/\/lavictoirefish.com\/fr\/product\/sardina-pilchardus\/\",\"url\":\"https:\/\/lavictoirefish.com\/fr\/product\/sardina-pilchardus\/\",\"name\":\"SARDINA pilchardus - Export &amp; Import Poisson Agadir | La victoire fish | Maroc\",\"isPartOf\":{\"@id\":\"https:\/\/lavictoirefish.com\/#website\"},\"datePublished\":\"2023-03-20T11:42:57+00:00\",\"dateModified\":\"2023-05-02T15:48:06+00:00\",\"breadcrumb\":{\"@id\":\"https:\/\/lavictoirefish.com\/fr\/product\/sardina-pilchardus\/#breadcrumb\"},\"inLanguage\":\"fr-FR\",\"potentialAction\":[{\"@type\":\"ReadAction\",\"target\":[\"https:\/\/lavictoirefish.com\/fr\/product\/sardina-pilchardus\/\"]}]},{\"@type\":\"BreadcrumbList\",\"@id\":\"https:\/\/lavictoirefish.com\/fr\/product\/sardina-pilchardus\/#breadcrumb\",\"itemListElement\":[{\"@type\":\"ListItem\",\"position\":1,\"name\":\"Home\",\"item\":\"https:\/\/lavictoirefish.com\/fr\/\"},{\"@type\":\"ListItem\",\"position\":2,\"name\":\"Shop\",\"item\":\"https:\/\/lavictoirefish.com\/fr\/shop\/\"},{\"@type\":\"ListItem\",\"position\":3,\"name\":\"SARDINA pilchardus\"}]},{\"@type\":\"WebSite\",\"@id\":\"https:\/\/lavictoirefish.com\/#website\",\"url\":\"https:\/\/lavictoirefish.com\/\",\"name\":\"Export & Import Poisson Agadir | La victoire fish | Maroc\",\"description\":\"La VICTOIRE FISH est une soci\u00e9t\u00e9 Marocaine d&#039;Export &amp; Import des Poissons, situ\u00e9 a la zone industriel tassila d\u2019Agadir. Nous sommes sp\u00e9cialis\u00e9s dans la production et l&#039;exportation de produits de la mer congel\u00e9s p\u00e9ch\u00e9s au large de l\u2019oc\u00e9an atlantique du Maroc.\",\"publisher\":{\"@id\":\"https:\/\/lavictoirefish.com\/#organization\"},\"potentialAction\":[{\"@type\":\"SearchAction\",\"target\":{\"@type\":\"EntryPoint\",\"urlTemplate\":\"https:\/\/lavictoirefish.com\/?s={search_term_string}\"},\"query-input\":\"required name=search_term_string\"}],\"inLanguage\":\"fr-FR\"},{\"@type\":\"Organization\",\"@id\":\"https:\/\/lavictoirefish.com\/#organization\",\"name\":\"La Victoire Fish\",\"url\":\"https:\/\/lavictoirefish.com\/\",\"logo\":{\"@type\":\"ImageObject\",\"inLanguage\":\"fr-FR\",\"@id\":\"https:\/\/lavictoirefish.com\/#\/schema\/logo\/image\/\",\"url\":\"https:\/\/lavictoirefish.com\/wp-content\/uploads\/2024\/01\/Logo-victfish-squared.png\",\"contentUrl\":\"https:\/\/lavictoirefish.com\/wp-content\/uploads\/2024\/01\/Logo-victfish-squared.png\",\"width\":112,\"height\":112,\"caption\":\"La Victoire Fish\"},\"image\":{\"@id\":\"https:\/\/lavictoirefish.com\/#\/schema\/logo\/image\/\"},\"sameAs\":[\"https:\/\/ma.linkedin.com\/company\/la-victoire-fish\"]}]}<\/script>\n<!-- \/ Yoast SEO plugin. -->","yoast_head_json":{"title":"SARDINA pilchardus - Export &amp; Import Poisson Agadir | La victoire fish | Maroc","robots":{"index":"index","follow":"follow","max-snippet":"max-snippet:-1","max-image-preview":"max-image-preview:large","max-video-preview":"max-video-preview:-1"},"canonical":"https:\/\/lavictoirefish.com\/fr\/product\/sardina-pilchardus\/","og_locale":"fr_FR","og_type":"article","og_title":"SARDINA pilchardus - Export &amp; Import Poisson Agadir | La victoire fish | Maroc","og_description":"Contactez-nous","og_url":"https:\/\/lavictoirefish.com\/fr\/product\/sardina-pilchardus\/","og_site_name":"Export &amp; Import Poisson Agadir | La victoire fish | Maroc","article_modified_time":"2023-05-02T15:48:06+00:00","og_image":[{"width":1965,"height":2016,"url":"https:\/\/lavictoirefish.com\/wp-content\/uploads\/2023\/03\/Sardina-pilchardus-2.webp","type":"image\/webp"}],"twitter_card":"summary_large_image","schema":{"@context":"https:\/\/schema.org","@graph":[{"@type":"WebPage","@id":"https:\/\/lavictoirefish.com\/fr\/product\/sardina-pilchardus\/","url":"https:\/\/lavictoirefish.com\/fr\/product\/sardina-pilchardus\/","name":"SARDINA pilchardus - Export &amp; Import Poisson Agadir | La victoire fish | Maroc","isPartOf":{"@id":"https:\/\/lavictoirefish.com\/#website"},"datePublished":"2023-03-20T11:42:57+00:00","dateModified":"2023-05-02T15:48:06+00:00","breadcrumb":{"@id":"https:\/\/lavictoirefish.com\/fr\/product\/sardina-pilchardus\/#breadcrumb"},"inLanguage":"fr-FR","potentialAction":[{"@type":"ReadAction","target":["https:\/\/lavictoirefish.com\/fr\/product\/sardina-pilchardus\/"]}]},{"@type":"BreadcrumbList","@id":"https:\/\/lavictoirefish.com\/fr\/product\/sardina-pilchardus\/#breadcrumb","itemListElement":[{"@type":"ListItem","position":1,"name":"Home","item":"https:\/\/lavictoirefish.com\/fr\/"},{"@type":"ListItem","position":2,"name":"Shop","item":"https:\/\/lavictoirefish.com\/fr\/shop\/"},{"@type":"ListItem","position":3,"name":"SARDINA pilchardus"}]},{"@type":"WebSite","@id":"https:\/\/lavictoirefish.com\/#website","url":"https:\/\/lavictoirefish.com\/","name":"Export & Import Poisson Agadir | La victoire fish | Maroc","description":"La VICTOIRE FISH est une soci\u00e9t\u00e9 Marocaine d&#039;Export &amp; Import des Poissons, situ\u00e9 a la zone industriel tassila d\u2019Agadir. Nous sommes sp\u00e9cialis\u00e9s dans la production et l&#039;exportation de produits de la mer congel\u00e9s p\u00e9ch\u00e9s au large de l\u2019oc\u00e9an atlantique du Maroc.","publisher":{"@id":"https:\/\/lavictoirefish.com\/#organization"},"potentialAction":[{"@type":"SearchAction","target":{"@type":"EntryPoint","urlTemplate":"https:\/\/lavictoirefish.com\/?s={search_term_string}"},"query-input":"required name=search_term_string"}],"inLanguage":"fr-FR"},{"@type":"Organization","@id":"https:\/\/lavictoirefish.com\/#organization","name":"La Victoire Fish","url":"https:\/\/lavictoirefish.com\/","logo":{"@type":"ImageObject","inLanguage":"fr-FR","@id":"https:\/\/lavictoirefish.com\/#\/schema\/logo\/image\/","url":"https:\/\/lavictoirefish.com\/wp-content\/uploads\/2024\/01\/Logo-victfish-squared.png","contentUrl":"https:\/\/lavictoirefish.com\/wp-content\/uploads\/2024\/01\/Logo-victfish-squared.png","width":112,"height":112,"caption":"La Victoire Fish"},"image":{"@id":"https:\/\/lavictoirefish.com\/#\/schema\/logo\/image\/"},"sameAs":["https:\/\/ma.linkedin.com\/company\/la-victoire-fish"]}]}},"_links":{"self":[{"href":"https:\/\/lavictoirefish.com\/fr\/wp-json\/wp\/v3\/product\/8590"}],"collection":[{"href":"https:\/\/lavictoirefish.com\/fr\/wp-json\/wp\/v3\/product"}],"about":[{"href":"https:\/\/lavictoirefish.com\/fr\/wp-json\/wp\/v2\/types\/product"}],"version-history":[{"count":3,"href":"https:\/\/lavictoirefish.com\/fr\/wp-json\/wp\/v3\/product\/8590\/revisions"}],"predecessor-version":[{"id":8783,"href":"https:\/\/lavictoirefish.com\/fr\/wp-json\/wp\/v3\/product\/8590\/revisions\/8783"}],"wp:featuredmedia":[{"embeddable":true,"href":"https:\/\/lavictoirefish.com\/fr\/wp-json\/wp\/v2\/media\/8862"}],"wp:attachment":[{"href":"https:\/\/lavictoirefish.com\/fr\/wp-json\/wp\/v2\/media?parent=8590"}],"wp:term":[{"taxonomy":"product_cat","embeddable":true,"href":"https:\/\/lavictoirefish.com\/fr\/wp-json\/wp\/v2\/product_cat?post=8590"},{"taxonomy":"product_tag","embeddable":true,"href":"https:\/\/lavictoirefish.com\/fr\/wp-json\/wp\/v2\/product_tag?post=8590"}],"curies":[{"name":"wp","href":"https:\/\/api.w.org\/{rel}","templated":true}]}}