{"id":60,"date":"2021-08-26T12:26:53","date_gmt":"2021-08-26T12:26:53","guid":{"rendered":"http:\/\/dummy.xtemos.com\/woodmart2\/elementor\/?page_id=60"},"modified":"2023-03-14T15:29:06","modified_gmt":"2023-03-14T15:29:06","slug":"wishlist","status":"publish","type":"page","link":"https:\/\/lavictoirefish.com\/fr\/wishlist\/","title":{"rendered":"Wishlist"},"content":{"rendered":"\t\t\n\t\t\n\t\t<div class=\"\">\n\t\t\t\t\t\t<div class=\"wd-wishlist-content\">\n\t\t\t\t\t\t\t\t\t\t\t\n\t\t<p class=\"wd-empty-wishlist wd-empty-page\">\n\t\t\tThis wishlist is empty.\t\t<\/p>\n\n\t\t\t\t\t<div class=\"wd-empty-page-text\">\n\t\t\t\tVous n'avez pas encore de produits dans la liste de souhaits. <br> Vous trouverez de nombreux produits int\u00e9ressants sur notre page \"Boutique\"\t\t\t<\/div>\n\t\t\n\t\t\n\t\t\t\t\t<p class=\"return-to-shop\">\n\t\t\t\t<a class=\"button\" href=\"https:\/\/lavictoirefish.com\/fr\/shop\/\">\n\t\t\t\t\tRetour \u00e0 la boutique\t\t\t\t<\/a>\n\t\t\t<\/p>\n\t\t\t\t\t\t\t\t\t\t\t<\/div>\n\t\t\t\t<\/div>\n\t\t\n","protected":false},"excerpt":{"rendered":"","protected":false},"author":1,"featured_media":0,"parent":0,"menu_order":0,"comment_status":"closed","ping_status":"closed","template":"","meta":[],"yoast_head":"<!-- This site is optimized with the Yoast SEO plugin v21.7 - https:\/\/yoast.com\/wordpress\/plugins\/seo\/ -->\n<title>Wishlist - Export &amp; Import Poisson Agadir | La victoire fish | Maroc<\/title>\n<meta name=\"robots\" content=\"index, follow, max-snippet:-1, max-image-preview:large, max-video-preview:-1\" \/>\n<link rel=\"canonical\" href=\"https:\/\/lavictoirefish.com\/fr\/wishlist\/\" \/>\n<meta property=\"og:locale\" content=\"fr_FR\" \/>\n<meta property=\"og:type\" content=\"article\" \/>\n<meta property=\"og:title\" content=\"Wishlist - Export &amp; Import Poisson Agadir | La victoire fish | Maroc\" \/>\n<meta property=\"og:url\" content=\"https:\/\/lavictoirefish.com\/fr\/wishlist\/\" \/>\n<meta property=\"og:site_name\" content=\"Export &amp; Import Poisson Agadir | La victoire fish | Maroc\" \/>\n<meta property=\"article:modified_time\" content=\"2023-03-14T15:29:06+00:00\" \/>\n<meta name=\"twitter:card\" content=\"summary_large_image\" \/>\n<script type=\"application\/ld+json\" class=\"yoast-schema-graph\">{\"@context\":\"https:\/\/schema.org\",\"@graph\":[{\"@type\":\"WebPage\",\"@id\":\"https:\/\/lavictoirefish.com\/fr\/wishlist\/\",\"url\":\"https:\/\/lavictoirefish.com\/fr\/wishlist\/\",\"name\":\"Wishlist - Export &amp; Import Poisson Agadir | La victoire fish | Maroc\",\"isPartOf\":{\"@id\":\"https:\/\/lavictoirefish.com\/#website\"},\"datePublished\":\"2021-08-26T12:26:53+00:00\",\"dateModified\":\"2023-03-14T15:29:06+00:00\",\"breadcrumb\":{\"@id\":\"https:\/\/lavictoirefish.com\/fr\/wishlist\/#breadcrumb\"},\"inLanguage\":\"fr-FR\",\"potentialAction\":[{\"@type\":\"ReadAction\",\"target\":[\"https:\/\/lavictoirefish.com\/fr\/wishlist\/\"]}]},{\"@type\":\"BreadcrumbList\",\"@id\":\"https:\/\/lavictoirefish.com\/fr\/wishlist\/#breadcrumb\",\"itemListElement\":[{\"@type\":\"ListItem\",\"position\":1,\"name\":\"Home\",\"item\":\"https:\/\/lavictoirefish.com\/fr\/\"},{\"@type\":\"ListItem\",\"position\":2,\"name\":\"Wishlist\"}]},{\"@type\":\"WebSite\",\"@id\":\"https:\/\/lavictoirefish.com\/#website\",\"url\":\"https:\/\/lavictoirefish.com\/\",\"name\":\"Export & Import Poisson Agadir | La victoire fish | Maroc\",\"description\":\"La VICTOIRE FISH est une soci\u00e9t\u00e9 Marocaine d&#039;Export &amp; Import des Poissons, situ\u00e9 a la zone industriel tassila d\u2019Agadir. Nous sommes sp\u00e9cialis\u00e9s dans la production et l&#039;exportation de produits de la mer congel\u00e9s p\u00e9ch\u00e9s au large de l\u2019oc\u00e9an atlantique du Maroc.\",\"publisher\":{\"@id\":\"https:\/\/lavictoirefish.com\/#organization\"},\"potentialAction\":[{\"@type\":\"SearchAction\",\"target\":{\"@type\":\"EntryPoint\",\"urlTemplate\":\"https:\/\/lavictoirefish.com\/?s={search_term_string}\"},\"query-input\":\"required name=search_term_string\"}],\"inLanguage\":\"fr-FR\"},{\"@type\":\"Organization\",\"@id\":\"https:\/\/lavictoirefish.com\/#organization\",\"name\":\"La Victoire Fish\",\"url\":\"https:\/\/lavictoirefish.com\/\",\"logo\":{\"@type\":\"ImageObject\",\"inLanguage\":\"fr-FR\",\"@id\":\"https:\/\/lavictoirefish.com\/#\/schema\/logo\/image\/\",\"url\":\"https:\/\/lavictoirefish.com\/wp-content\/uploads\/2024\/01\/Logo-victfish-squared.png\",\"contentUrl\":\"https:\/\/lavictoirefish.com\/wp-content\/uploads\/2024\/01\/Logo-victfish-squared.png\",\"width\":112,\"height\":112,\"caption\":\"La Victoire Fish\"},\"image\":{\"@id\":\"https:\/\/lavictoirefish.com\/#\/schema\/logo\/image\/\"},\"sameAs\":[\"https:\/\/ma.linkedin.com\/company\/la-victoire-fish\"]}]}<\/script>\n<!-- \/ Yoast SEO plugin. -->","yoast_head_json":{"title":"Wishlist - Export &amp; Import Poisson Agadir | La victoire fish | Maroc","robots":{"index":"index","follow":"follow","max-snippet":"max-snippet:-1","max-image-preview":"max-image-preview:large","max-video-preview":"max-video-preview:-1"},"canonical":"https:\/\/lavictoirefish.com\/fr\/wishlist\/","og_locale":"fr_FR","og_type":"article","og_title":"Wishlist - Export &amp; Import Poisson Agadir | La victoire fish | Maroc","og_url":"https:\/\/lavictoirefish.com\/fr\/wishlist\/","og_site_name":"Export &amp; Import Poisson Agadir | La victoire fish | Maroc","article_modified_time":"2023-03-14T15:29:06+00:00","twitter_card":"summary_large_image","schema":{"@context":"https:\/\/schema.org","@graph":[{"@type":"WebPage","@id":"https:\/\/lavictoirefish.com\/fr\/wishlist\/","url":"https:\/\/lavictoirefish.com\/fr\/wishlist\/","name":"Wishlist - Export &amp; Import Poisson Agadir | La victoire fish | Maroc","isPartOf":{"@id":"https:\/\/lavictoirefish.com\/#website"},"datePublished":"2021-08-26T12:26:53+00:00","dateModified":"2023-03-14T15:29:06+00:00","breadcrumb":{"@id":"https:\/\/lavictoirefish.com\/fr\/wishlist\/#breadcrumb"},"inLanguage":"fr-FR","potentialAction":[{"@type":"ReadAction","target":["https:\/\/lavictoirefish.com\/fr\/wishlist\/"]}]},{"@type":"BreadcrumbList","@id":"https:\/\/lavictoirefish.com\/fr\/wishlist\/#breadcrumb","itemListElement":[{"@type":"ListItem","position":1,"name":"Home","item":"https:\/\/lavictoirefish.com\/fr\/"},{"@type":"ListItem","position":2,"name":"Wishlist"}]},{"@type":"WebSite","@id":"https:\/\/lavictoirefish.com\/#website","url":"https:\/\/lavictoirefish.com\/","name":"Export & Import Poisson Agadir | La victoire fish | Maroc","description":"La VICTOIRE FISH est une soci\u00e9t\u00e9 Marocaine d&#039;Export &amp; Import des Poissons, situ\u00e9 a la zone industriel tassila d\u2019Agadir. Nous sommes sp\u00e9cialis\u00e9s dans la production et l&#039;exportation de produits de la mer congel\u00e9s p\u00e9ch\u00e9s au large de l\u2019oc\u00e9an atlantique du Maroc.","publisher":{"@id":"https:\/\/lavictoirefish.com\/#organization"},"potentialAction":[{"@type":"SearchAction","target":{"@type":"EntryPoint","urlTemplate":"https:\/\/lavictoirefish.com\/?s={search_term_string}"},"query-input":"required name=search_term_string"}],"inLanguage":"fr-FR"},{"@type":"Organization","@id":"https:\/\/lavictoirefish.com\/#organization","name":"La Victoire Fish","url":"https:\/\/lavictoirefish.com\/","logo":{"@type":"ImageObject","inLanguage":"fr-FR","@id":"https:\/\/lavictoirefish.com\/#\/schema\/logo\/image\/","url":"https:\/\/lavictoirefish.com\/wp-content\/uploads\/2024\/01\/Logo-victfish-squared.png","contentUrl":"https:\/\/lavictoirefish.com\/wp-content\/uploads\/2024\/01\/Logo-victfish-squared.png","width":112,"height":112,"caption":"La Victoire Fish"},"image":{"@id":"https:\/\/lavictoirefish.com\/#\/schema\/logo\/image\/"},"sameAs":["https:\/\/ma.linkedin.com\/company\/la-victoire-fish"]}]}},"_links":{"self":[{"href":"https:\/\/lavictoirefish.com\/fr\/wp-json\/wp\/v2\/pages\/60"}],"collection":[{"href":"https:\/\/lavictoirefish.com\/fr\/wp-json\/wp\/v2\/pages"}],"about":[{"href":"https:\/\/lavictoirefish.com\/fr\/wp-json\/wp\/v2\/types\/page"}],"author":[{"embeddable":true,"href":"https:\/\/lavictoirefish.com\/fr\/wp-json\/wp\/v2\/users\/1"}],"replies":[{"embeddable":true,"href":"https:\/\/lavictoirefish.com\/fr\/wp-json\/wp\/v2\/comments?post=60"}],"version-history":[{"count":1,"href":"https:\/\/lavictoirefish.com\/fr\/wp-json\/wp\/v2\/pages\/60\/revisions"}],"predecessor-version":[{"id":8429,"href":"https:\/\/lavictoirefish.com\/fr\/wp-json\/wp\/v2\/pages\/60\/revisions\/8429"}],"wp:attachment":[{"href":"https:\/\/lavictoirefish.com\/fr\/wp-json\/wp\/v2\/media?parent=60"}],"curies":[{"name":"wp","href":"https:\/\/api.w.org\/{rel}","templated":true}]}}