{"id":4400,"date":"2021-10-12T15:51:09","date_gmt":"2021-10-12T15:51:09","guid":{"rendered":"http:\/\/dummy.xtemos.com\/woodmart2\/elementor\/?page_id=4400"},"modified":"2023-06-14T13:33:04","modified_gmt":"2023-06-14T13:33:04","slug":"a-propos","status":"publish","type":"page","link":"https:\/\/lavictoirefish.com\/fr\/a-propos\/","title":{"rendered":"\u00a0ABOUT US"},"content":{"rendered":"\t\t<div data-elementor-type=\"wp-page\" data-elementor-id=\"4400\" class=\"elementor elementor-4400\">\n\t\t\t\t\t\t\t\t\t<section class=\"wd-negative-gap elementor-section elementor-top-section elementor-element elementor-element-3c548bca elementor-reverse-tablet elementor-reverse-mobile elementor-section-boxed elementor-section-height-default elementor-section-height-default wd-section-disabled\" data-id=\"3c548bca\" data-element_type=\"section\">\n\t\t\t\t\t\t<div class=\"elementor-container elementor-column-gap-default\">\n\t\t\t\t\t<div class=\"elementor-column elementor-col-50 elementor-top-column elementor-element elementor-element-1d354ed7\" data-id=\"1d354ed7\" data-element_type=\"column\">\n\t\t\t<div class=\"elementor-widget-wrap elementor-element-populated\">\n\t\t\t\t\t\t\t\t<div class=\"elementor-element elementor-element-3b8f1c6 elementor-widget elementor-widget-wd_image_or_svg\" data-id=\"3b8f1c6\" data-element_type=\"widget\" data-widget_type=\"wd_image_or_svg.default\">\n\t\t\t\t<div class=\"elementor-widget-container\">\n\t\t\t\n\t\t<div class=\"wd-image text-left\">\n\t\t\t\t\t\t\t\t<img width=\"600\" height=\"900\" src=\"https:\/\/lavictoirefish.com\/wp-content\/uploads\/2023\/05\/PIC-FISHE-VSF.webp\" class=\"attachment-full size-full wp-image-8943\" alt=\"\" decoding=\"async\" loading=\"lazy\" srcset=\"https:\/\/lavictoirefish.com\/wp-content\/uploads\/2023\/05\/PIC-FISHE-VSF.webp 600w, https:\/\/lavictoirefish.com\/wp-content\/uploads\/2023\/05\/PIC-FISHE-VSF-200x300.webp 200w, https:\/\/lavictoirefish.com\/wp-content\/uploads\/2023\/05\/PIC-FISHE-VSF-533x800.webp 533w, https:\/\/lavictoirefish.com\/wp-content\/uploads\/2023\/05\/PIC-FISHE-VSF-430x645.webp 430w, https:\/\/lavictoirefish.com\/wp-content\/uploads\/2023\/05\/PIC-FISHE-VSF-150x225.webp 150w\" sizes=\"(max-width: 600px) 100vw, 600px\" \/>\t\t\t\t\t<\/div>\n\n\t\t\t\t<\/div>\n\t\t\t\t<\/div>\n\t\t\t\t\t<\/div>\n\t\t<\/div>\n\t\t\t\t<div class=\"elementor-column elementor-col-50 elementor-top-column elementor-element elementor-element-7a9daa7\" data-id=\"7a9daa7\" data-element_type=\"column\">\n\t\t\t<div class=\"elementor-widget-wrap elementor-element-populated\">\n\t\t\t\t\t\t\t\t<div class=\"elementor-element elementor-element-18566191 elementor-widget elementor-widget-wd_title\" data-id=\"18566191\" data-element_type=\"widget\" data-widget_type=\"wd_title.default\">\n\t\t\t\t<div class=\"elementor-widget-container\">\n\t\t\t\t\t<div class=\"title-wrapper set-mb-s reset-last-child wd-title-color-primary wd-title-style-default wd-title-size-large text-left\">\n\n\t\t\t\t\t\t\t<div class=\"title-subtitle subtitle-color-primary subtitle-style-default wd-fontsize-xs\">\n\t\t\t\t\tLA VICTOIRE FISH\t\t\t\t<\/div>\n\t\t\t\n\t\t\t<div class=\"liner-continer\">\n\t\t\t\t<h4 class=\"woodmart-title-container title wd-fontsize-xxl\">Company presentation:<\/h4> \n\t\t\t\t\t\t\t<\/div>\n\n\t\t\t\t\t<\/div>\n\t\t\t\t<\/div>\n\t\t\t\t<\/div>\n\t\t\t\t<div class=\"elementor-element elementor-element-cf34ae6 elementor-widget elementor-widget-wd_text_block\" data-id=\"cf34ae6\" data-element_type=\"widget\" data-widget_type=\"wd_text_block.default\">\n\t\t\t\t<div class=\"elementor-widget-container\">\n\t\t\t\t\t<div class=\"wd-text-block reset-last-child text-left\">\n\t\t\t\n\t\t\t<p>LA VICTOIRE FISH, is a Moroccan company, located in the Tassila industrial zone of Agadir. We specialize in the production and export of frozen seafood products caught off the Atlantic Ocean of Morocco.<\/p><p>Our products are intended to be exported to Italy, Spain, Greece, U.E, Africa, Asia Under very high hygienic conditions, with the possibility of exporting to several other countries in the world. We are looking for to satisfy our customers while ensuring the high quality, freshness and good taste of our products.<\/p><p>LA VICTOIRE FISH maintains a spirit of partnership with all of its suppliers, which enables it to adapt its products to different forms of marketing. Responding to needs, preserving quality... so many essential criteria that have allowed US to acquire its current size and to offer a wide range of frozen seafood products.<\/p><p>Depending on the needs of our customers and market segments, different orientations, linked to quantitative and qualitative demands, are offered to us and allow us to meet expectations.<\/p><p>A rigorous selection of producers based on their ability to meet specifications essentially focused on quality, allows us to respond to specific requests.<\/p><p>Our products are exported all over the world, meets the requirements of international HACCP quality system standards. We offer a wide and varied range of seafood products<\/p>\n\t\t\t\t\t<\/div>\n\t\t\t\t<\/div>\n\t\t\t\t<\/div>\n\t\t\t\t\t<\/div>\n\t\t<\/div>\n\t\t\t\t\t\t\t<\/div>\n\t\t<\/section>\n\t\t\t\t<section class=\"wd-negative-gap elementor-section elementor-top-section elementor-element elementor-element-6a1d5f5 elementor-section-boxed elementor-section-height-default elementor-section-height-default wd-section-disabled\" data-id=\"6a1d5f5\" data-element_type=\"section\">\n\t\t\t\t\t\t<div class=\"elementor-container elementor-column-gap-default\">\n\t\t\t\t\t<div class=\"elementor-column elementor-col-100 elementor-top-column elementor-element elementor-element-b6dc816\" data-id=\"b6dc816\" data-element_type=\"column\">\n\t\t\t<div class=\"elementor-widget-wrap elementor-element-populated\">\n\t\t\t\t\t\t\t\t<div class=\"elementor-element elementor-element-b7363e4 elementor-widget elementor-widget-video\" data-id=\"b7363e4\" data-element_type=\"widget\" data-settings=\"{&quot;youtube_url&quot;:&quot;https:\\\/\\\/www.youtube.com\\\/watch?v=qmOAW3XPc0w&amp;feature=youtu.be&quot;,&quot;video_type&quot;:&quot;youtube&quot;,&quot;controls&quot;:&quot;yes&quot;}\" data-widget_type=\"video.default\">\n\t\t\t\t<div class=\"elementor-widget-container\">\n\t\t\t<style>\/*! elementor - v3.12.2 - 23-04-2023 *\/\n.elementor-widget-video .elementor-widget-container{overflow:hidden;transform:translateZ(0)}.elementor-widget-video .elementor-wrapper iframe,.elementor-widget-video .elementor-wrapper video{height:100%;width:100%;display:flex;border:none;background-color:#000}.elementor-widget-video .elementor-open-inline .elementor-custom-embed-image-overlay{position:absolute;top:0;left:0;width:100%;height:100%;background-size:cover;background-position:50%}.elementor-widget-video .elementor-custom-embed-image-overlay{cursor:pointer;text-align:center}.elementor-widget-video .elementor-custom-embed-image-overlay:hover .elementor-custom-embed-play i{opacity:1}.elementor-widget-video .elementor-custom-embed-image-overlay img{display:block;width:100%}.elementor-widget-video .e-hosted-video .elementor-video{-o-object-fit:cover;object-fit:cover}.e-con-inner>.elementor-widget-video,.e-con>.elementor-widget-video{width:var(--container-widget-width);--flex-grow:var(--container-widget-flex-grow)}<\/style>\t\t<div class=\"elementor-wrapper elementor-open-inline\">\n\t\t\t<div class=\"elementor-video\"><\/div>\t\t<\/div>\n\t\t\t\t<\/div>\n\t\t\t\t<\/div>\n\t\t\t\t\t<\/div>\n\t\t<\/div>\n\t\t\t\t\t\t\t<\/div>\n\t\t<\/section>\n\t\t\t\t<section class=\"wd-negative-gap elementor-section elementor-top-section elementor-element elementor-element-11b1cbc elementor-section-content-middle wd-section-stretch elementor-section-boxed elementor-section-height-default elementor-section-height-default\" data-id=\"11b1cbc\" data-element_type=\"section\" data-settings=\"{&quot;background_background&quot;:&quot;classic&quot;}\">\n\t\t\t\t\t\t<div class=\"elementor-container elementor-column-gap-extended\">\n\t\t\t\t\t<div class=\"elementor-column elementor-col-50 elementor-top-column elementor-element elementor-element-10669b3\" data-id=\"10669b3\" data-element_type=\"column\">\n\t\t\t<div class=\"elementor-widget-wrap elementor-element-populated\">\n\t\t\t\t\t\t\t\t<div class=\"elementor-element elementor-element-1e5ce00 elementor-widget elementor-widget-wd_title\" data-id=\"1e5ce00\" data-element_type=\"widget\" data-widget_type=\"wd_title.default\">\n\t\t\t\t<div class=\"elementor-widget-container\">\n\t\t\t\t\t<div class=\"title-wrapper set-mb-s reset-last-child wd-title-color-primary wd-title-style-default wd-title-size-large text-left\">\n\n\t\t\t\n\t\t\t<div class=\"liner-continer\">\n\t\t\t\t<h4 class=\"woodmart-title-container title wd-fontsize-xxl\">For more information<\/h4> \n\t\t\t\t\t\t\t<\/div>\n\n\t\t\t\t\t<\/div>\n\t\t\t\t<\/div>\n\t\t\t\t<\/div>\n\t\t\t\t\t<\/div>\n\t\t<\/div>\n\t\t\t\t<div class=\"elementor-column elementor-col-50 elementor-top-column elementor-element elementor-element-a50ff0d\" data-id=\"a50ff0d\" data-element_type=\"column\">\n\t\t\t<div class=\"elementor-widget-wrap elementor-element-populated\">\n\t\t\t\t\t\t\t\t<div class=\"elementor-element elementor-element-3ffb018 elementor-widget__width-auto elementor-widget elementor-widget-wd_button\" data-id=\"3ffb018\" data-element_type=\"widget\" data-widget_type=\"wd_button.default\">\n\t\t\t\t<div class=\"elementor-widget-container\">\n\t\t\t\t\t<div class=\"wd-button-wrapper text-center\" >\n\t\t\t<a class=\"btn btn-style-round btn-style-rectangle btn-size-default btn-color-primary btn-icon-pos-right\"  href=\"#\">\n\t\t\t\t<span class=\"wd-btn-text\" data-elementor-setting-key=\"text\">\n\t\t\t\t\tContactez-nous\t\t\t\t<\/span>\n\n\t\t\t\t\t\t\t<\/a>\n\t\t<\/div>\n\t\t\t\t<\/div>\n\t\t\t\t<\/div>\n\t\t\t\t\t<\/div>\n\t\t<\/div>\n\t\t\t\t\t\t\t<\/div>\n\t\t<\/section>\n\t\t\t\t<section class=\"wd-negative-gap elementor-section elementor-top-section elementor-element elementor-element-52ee36d elementor-section-boxed elementor-section-height-default elementor-section-height-default wd-section-disabled\" data-id=\"52ee36d\" data-element_type=\"section\">\n\t\t\t\t\t\t<div class=\"elementor-container elementor-column-gap-default\">\n\t\t\t\t\t<div class=\"elementor-column elementor-col-100 elementor-top-column elementor-element elementor-element-6a9942c2\" data-id=\"6a9942c2\" data-element_type=\"column\">\n\t\t\t<div class=\"elementor-widget-wrap elementor-element-populated\">\n\t\t\t\t\t\t\t\t<div class=\"elementor-element elementor-element-75d7772b elementor-widget elementor-widget-wd_title\" data-id=\"75d7772b\" data-element_type=\"widget\" data-widget_type=\"wd_title.default\">\n\t\t\t\t<div class=\"elementor-widget-container\">\n\t\t\t\t\t<div class=\"title-wrapper set-mb-s reset-last-child wd-title-color-primary wd-title-style-default wd-title-size-large text-center\">\n\n\t\t\t\n\t\t\t<div class=\"liner-continer\">\n\t\t\t\t<h4 class=\"woodmart-title-container title wd-fontsize-xxl\">LA VICTOIRE FISH IN NUMBERS<\/h4> \n\t\t\t\t\t\t\t<\/div>\n\n\t\t\t\t\t<\/div>\n\t\t\t\t<\/div>\n\t\t\t\t<\/div>\n\t\t\t\t<section class=\"wd-negative-gap elementor-section elementor-inner-section elementor-element elementor-element-16f2b675 elementor-section-boxed elementor-section-height-default elementor-section-height-default wd-section-disabled\" data-id=\"16f2b675\" data-element_type=\"section\">\n\t\t\t\t\t\t<div class=\"elementor-container elementor-column-gap-no\">\n\t\t\t\t\t<div class=\"elementor-column elementor-col-33 elementor-inner-column elementor-element elementor-element-55e71166\" data-id=\"55e71166\" data-element_type=\"column\">\n\t\t\t<div class=\"elementor-widget-wrap elementor-element-populated\">\n\t\t\t\t\t\t\t\t<div class=\"elementor-element elementor-element-45481925 elementor-widget elementor-widget-wd_counter\" data-id=\"45481925\" data-element_type=\"widget\" data-widget_type=\"wd_counter.default\">\n\t\t\t\t<div class=\"elementor-widget-container\">\n\t\t\t\t\t<div class=\"woodmart-counter counter-large text-center color-scheme-dark\">\n\t\t\t<div class=\"counter-value\" data-state=\"new\" data-final=\"24\">\n\t\t\t\t24\t\t\t<\/div>\n\n\t\t\t\t\t\t\t<div class=\"counter-label\">\n\t\t\t\t\tPRODUCTS\t\t\t\t<\/div>\n\t\t\t\t\t<\/div>\n\t\t\t\t<\/div>\n\t\t\t\t<\/div>\n\t\t\t\t\t<\/div>\n\t\t<\/div>\n\t\t\t\t<div class=\"elementor-column elementor-col-33 elementor-inner-column elementor-element elementor-element-9e99c04\" data-id=\"9e99c04\" data-element_type=\"column\">\n\t\t\t<div class=\"elementor-widget-wrap elementor-element-populated\">\n\t\t\t\t\t\t\t\t<div class=\"elementor-element elementor-element-d30e669 elementor-widget elementor-widget-wd_counter\" data-id=\"d30e669\" data-element_type=\"widget\" data-widget_type=\"wd_counter.default\">\n\t\t\t\t<div class=\"elementor-widget-container\">\n\t\t\t\t\t<div class=\"woodmart-counter counter-large text-center color-scheme-dark\">\n\t\t\t<div class=\"counter-value\" data-state=\"new\" data-final=\"32\">\n\t\t\t\t32\t\t\t<\/div>\n\n\t\t\t\t\t\t\t<div class=\"counter-label\">\n\t\t\t\t\tCLIENTS\t\t\t\t<\/div>\n\t\t\t\t\t<\/div>\n\t\t\t\t<\/div>\n\t\t\t\t<\/div>\n\t\t\t\t\t<\/div>\n\t\t<\/div>\n\t\t\t\t<div class=\"elementor-column elementor-col-33 elementor-inner-column elementor-element elementor-element-4f2dc81\" data-id=\"4f2dc81\" data-element_type=\"column\">\n\t\t\t<div class=\"elementor-widget-wrap elementor-element-populated\">\n\t\t\t\t\t\t\t\t<div class=\"elementor-element elementor-element-ea4fb6b elementor-widget elementor-widget-wd_counter\" data-id=\"ea4fb6b\" data-element_type=\"widget\" data-widget_type=\"wd_counter.default\">\n\t\t\t\t<div class=\"elementor-widget-container\">\n\t\t\t\t\t<div class=\"woodmart-counter counter-large text-center color-scheme-dark\">\n\t\t\t<div class=\"counter-value\" data-state=\"new\" data-final=\"75\">\n\t\t\t\t75\t\t\t<\/div>\n\n\t\t\t\t\t\t\t<div class=\"counter-label\">\n\t\t\t\t\tEmployees (Collaborators and labor)\t\t\t\t<\/div>\n\t\t\t\t\t<\/div>\n\t\t\t\t<\/div>\n\t\t\t\t<\/div>\n\t\t\t\t\t<\/div>\n\t\t<\/div>\n\t\t\t\t\t\t\t<\/div>\n\t\t<\/section>\n\t\t\t\t\t<\/div>\n\t\t<\/div>\n\t\t\t\t\t\t\t<\/div>\n\t\t<\/section>\n\t\t\t\t\t\t\t<\/div>\n\t\t","protected":false},"excerpt":{"rendered":"<p>LA VICTOIRE FISH Company presentation: LA VICTOIRE FISH, is a Moroccan company, located in the Tassila industrial zone of Agadir.<\/p>\n","protected":false},"author":1,"featured_media":0,"parent":0,"menu_order":0,"comment_status":"closed","ping_status":"closed","template":"","meta":[],"yoast_head":"<!-- This site is optimized with the Yoast SEO plugin v21.7 - https:\/\/yoast.com\/wordpress\/plugins\/seo\/ -->\n<title>\u00a0ABOUT US - Export &amp; Import Poisson Agadir | La victoire fish | Maroc<\/title>\n<meta name=\"robots\" content=\"index, follow, max-snippet:-1, max-image-preview:large, max-video-preview:-1\" \/>\n<link rel=\"canonical\" href=\"https:\/\/lavictoirefish.com\/fr\/a-propos\/\" \/>\n<meta property=\"og:locale\" content=\"fr_FR\" \/>\n<meta property=\"og:type\" content=\"article\" \/>\n<meta property=\"og:title\" content=\"\u00a0ABOUT US - Export &amp; Import Poisson Agadir | La victoire fish | Maroc\" \/>\n<meta property=\"og:description\" content=\"LA VICTOIRE FISH Company presentation: LA VICTOIRE FISH, is a Moroccan company, located in the Tassila industrial zone of Agadir.\" \/>\n<meta property=\"og:url\" content=\"https:\/\/lavictoirefish.com\/fr\/a-propos\/\" \/>\n<meta property=\"og:site_name\" content=\"Export &amp; Import Poisson Agadir | La victoire fish | Maroc\" \/>\n<meta property=\"article:modified_time\" content=\"2023-06-14T13:33:04+00:00\" \/>\n<meta property=\"og:image\" content=\"http:\/\/lavictoirefish.com\/wp-content\/uploads\/2023\/05\/PIC-FISHE-VSF.webp\" \/>\n<meta name=\"twitter:card\" content=\"summary_large_image\" \/>\n<meta name=\"twitter:label1\" content=\"Dur\u00e9e de lecture estim\u00e9e\" \/>\n\t<meta name=\"twitter:data1\" content=\"1 minute\" \/>\n<script type=\"application\/ld+json\" class=\"yoast-schema-graph\">{\"@context\":\"https:\/\/schema.org\",\"@graph\":[{\"@type\":\"WebPage\",\"@id\":\"https:\/\/lavictoirefish.com\/fr\/a-propos\/\",\"url\":\"https:\/\/lavictoirefish.com\/fr\/a-propos\/\",\"name\":\"\u00a0ABOUT US - Export &amp; Import Poisson Agadir | La victoire fish | Maroc\",\"isPartOf\":{\"@id\":\"https:\/\/lavictoirefish.com\/#website\"},\"datePublished\":\"2021-10-12T15:51:09+00:00\",\"dateModified\":\"2023-06-14T13:33:04+00:00\",\"breadcrumb\":{\"@id\":\"https:\/\/lavictoirefish.com\/fr\/a-propos\/#breadcrumb\"},\"inLanguage\":\"fr-FR\",\"potentialAction\":[{\"@type\":\"ReadAction\",\"target\":[\"https:\/\/lavictoirefish.com\/fr\/a-propos\/\"]}]},{\"@type\":\"BreadcrumbList\",\"@id\":\"https:\/\/lavictoirefish.com\/fr\/a-propos\/#breadcrumb\",\"itemListElement\":[{\"@type\":\"ListItem\",\"position\":1,\"name\":\"Home\",\"item\":\"https:\/\/lavictoirefish.com\/fr\/\"},{\"@type\":\"ListItem\",\"position\":2,\"name\":\"\u00a0ABOUT US\"}]},{\"@type\":\"WebSite\",\"@id\":\"https:\/\/lavictoirefish.com\/#website\",\"url\":\"https:\/\/lavictoirefish.com\/\",\"name\":\"Export & Import Poisson Agadir | La victoire fish | Maroc\",\"description\":\"La VICTOIRE FISH est une soci\u00e9t\u00e9 Marocaine d&#039;Export &amp; Import des Poissons, situ\u00e9 a la zone industriel tassila d\u2019Agadir. Nous sommes sp\u00e9cialis\u00e9s dans la production et l&#039;exportation de produits de la mer congel\u00e9s p\u00e9ch\u00e9s au large de l\u2019oc\u00e9an atlantique du Maroc.\",\"publisher\":{\"@id\":\"https:\/\/lavictoirefish.com\/#organization\"},\"potentialAction\":[{\"@type\":\"SearchAction\",\"target\":{\"@type\":\"EntryPoint\",\"urlTemplate\":\"https:\/\/lavictoirefish.com\/?s={search_term_string}\"},\"query-input\":\"required name=search_term_string\"}],\"inLanguage\":\"fr-FR\"},{\"@type\":\"Organization\",\"@id\":\"https:\/\/lavictoirefish.com\/#organization\",\"name\":\"La Victoire Fish\",\"url\":\"https:\/\/lavictoirefish.com\/\",\"logo\":{\"@type\":\"ImageObject\",\"inLanguage\":\"fr-FR\",\"@id\":\"https:\/\/lavictoirefish.com\/#\/schema\/logo\/image\/\",\"url\":\"https:\/\/lavictoirefish.com\/wp-content\/uploads\/2024\/01\/Logo-victfish-squared.png\",\"contentUrl\":\"https:\/\/lavictoirefish.com\/wp-content\/uploads\/2024\/01\/Logo-victfish-squared.png\",\"width\":112,\"height\":112,\"caption\":\"La Victoire Fish\"},\"image\":{\"@id\":\"https:\/\/lavictoirefish.com\/#\/schema\/logo\/image\/\"},\"sameAs\":[\"https:\/\/ma.linkedin.com\/company\/la-victoire-fish\"]}]}<\/script>\n<!-- \/ Yoast SEO plugin. -->","yoast_head_json":{"title":"\u00a0ABOUT US - Export &amp; Import Poisson Agadir | La victoire fish | Maroc","robots":{"index":"index","follow":"follow","max-snippet":"max-snippet:-1","max-image-preview":"max-image-preview:large","max-video-preview":"max-video-preview:-1"},"canonical":"https:\/\/lavictoirefish.com\/fr\/a-propos\/","og_locale":"fr_FR","og_type":"article","og_title":"\u00a0ABOUT US - Export &amp; Import Poisson Agadir | La victoire fish | Maroc","og_description":"LA VICTOIRE FISH Company presentation: LA VICTOIRE FISH, is a Moroccan company, located in the Tassila industrial zone of Agadir.","og_url":"https:\/\/lavictoirefish.com\/fr\/a-propos\/","og_site_name":"Export &amp; Import Poisson Agadir | La victoire fish | Maroc","article_modified_time":"2023-06-14T13:33:04+00:00","og_image":[{"url":"http:\/\/lavictoirefish.com\/wp-content\/uploads\/2023\/05\/PIC-FISHE-VSF.webp"}],"twitter_card":"summary_large_image","twitter_misc":{"Dur\u00e9e de lecture estim\u00e9e":"1 minute"},"schema":{"@context":"https:\/\/schema.org","@graph":[{"@type":"WebPage","@id":"https:\/\/lavictoirefish.com\/fr\/a-propos\/","url":"https:\/\/lavictoirefish.com\/fr\/a-propos\/","name":"\u00a0ABOUT US - Export &amp; Import Poisson Agadir | La victoire fish | Maroc","isPartOf":{"@id":"https:\/\/lavictoirefish.com\/#website"},"datePublished":"2021-10-12T15:51:09+00:00","dateModified":"2023-06-14T13:33:04+00:00","breadcrumb":{"@id":"https:\/\/lavictoirefish.com\/fr\/a-propos\/#breadcrumb"},"inLanguage":"fr-FR","potentialAction":[{"@type":"ReadAction","target":["https:\/\/lavictoirefish.com\/fr\/a-propos\/"]}]},{"@type":"BreadcrumbList","@id":"https:\/\/lavictoirefish.com\/fr\/a-propos\/#breadcrumb","itemListElement":[{"@type":"ListItem","position":1,"name":"Home","item":"https:\/\/lavictoirefish.com\/fr\/"},{"@type":"ListItem","position":2,"name":"\u00a0ABOUT US"}]},{"@type":"WebSite","@id":"https:\/\/lavictoirefish.com\/#website","url":"https:\/\/lavictoirefish.com\/","name":"Export & Import Poisson Agadir | La victoire fish | Maroc","description":"La VICTOIRE FISH est une soci\u00e9t\u00e9 Marocaine d&#039;Export &amp; Import des Poissons, situ\u00e9 a la zone industriel tassila d\u2019Agadir. Nous sommes sp\u00e9cialis\u00e9s dans la production et l&#039;exportation de produits de la mer congel\u00e9s p\u00e9ch\u00e9s au large de l\u2019oc\u00e9an atlantique du Maroc.","publisher":{"@id":"https:\/\/lavictoirefish.com\/#organization"},"potentialAction":[{"@type":"SearchAction","target":{"@type":"EntryPoint","urlTemplate":"https:\/\/lavictoirefish.com\/?s={search_term_string}"},"query-input":"required name=search_term_string"}],"inLanguage":"fr-FR"},{"@type":"Organization","@id":"https:\/\/lavictoirefish.com\/#organization","name":"La Victoire Fish","url":"https:\/\/lavictoirefish.com\/","logo":{"@type":"ImageObject","inLanguage":"fr-FR","@id":"https:\/\/lavictoirefish.com\/#\/schema\/logo\/image\/","url":"https:\/\/lavictoirefish.com\/wp-content\/uploads\/2024\/01\/Logo-victfish-squared.png","contentUrl":"https:\/\/lavictoirefish.com\/wp-content\/uploads\/2024\/01\/Logo-victfish-squared.png","width":112,"height":112,"caption":"La Victoire Fish"},"image":{"@id":"https:\/\/lavictoirefish.com\/#\/schema\/logo\/image\/"},"sameAs":["https:\/\/ma.linkedin.com\/company\/la-victoire-fish"]}]}},"_links":{"self":[{"href":"https:\/\/lavictoirefish.com\/fr\/wp-json\/wp\/v2\/pages\/4400"}],"collection":[{"href":"https:\/\/lavictoirefish.com\/fr\/wp-json\/wp\/v2\/pages"}],"about":[{"href":"https:\/\/lavictoirefish.com\/fr\/wp-json\/wp\/v2\/types\/page"}],"author":[{"embeddable":true,"href":"https:\/\/lavictoirefish.com\/fr\/wp-json\/wp\/v2\/users\/1"}],"replies":[{"embeddable":true,"href":"https:\/\/lavictoirefish.com\/fr\/wp-json\/wp\/v2\/comments?post=4400"}],"version-history":[{"count":58,"href":"https:\/\/lavictoirefish.com\/fr\/wp-json\/wp\/v2\/pages\/4400\/revisions"}],"predecessor-version":[{"id":9084,"href":"https:\/\/lavictoirefish.com\/fr\/wp-json\/wp\/v2\/pages\/4400\/revisions\/9084"}],"wp:attachment":[{"href":"https:\/\/lavictoirefish.com\/fr\/wp-json\/wp\/v2\/media?parent=4400"}],"curies":[{"name":"wp","href":"https:\/\/api.w.org\/{rel}","templated":true}]}}